{"id":623,"date":"2025-09-03T17:41:18","date_gmt":"2025-09-03T17:41:18","guid":{"rendered":"https:\/\/casa-alodia.es\/?page_id=623"},"modified":"2025-09-03T21:08:37","modified_gmt":"2025-09-03T21:08:37","slug":"elementor-page-623","status":"publish","type":"page","link":"https:\/\/casa-alodia.es\/fr\/elementor-page-623\/","title":{"rendered":"Page Elementor #623"},"content":{"rendered":"<div data-elementor-type=\"wp-page\" data-elementor-id=\"623\" class=\"elementor elementor-623\" data-elementor-post-type=\"page\">\n\t\t\t\t\t\t<section class=\"elementor-section elementor-top-section elementor-element elementor-element-75b161d elementor-section-full_width elementor-section-height-default elementor-section-height-default\" data-id=\"75b161d\" data-element_type=\"section\" data-e-type=\"section\">\n\t\t\t\t\t\t<div class=\"elementor-container elementor-column-gap-default\">\n\t\t\t\t\t<div class=\"elementor-column elementor-col-100 elementor-top-column elementor-element elementor-element-df682a7\" data-id=\"df682a7\" data-element_type=\"column\" data-e-type=\"column\">\n\t\t\t<div class=\"elementor-widget-wrap elementor-element-populated\">\n\t\t\t\t\t\t<div class=\"elementor-element elementor-element-ef728ae elementor-pagination-position-outside elementor--h-position-center elementor--v-position-middle elementor-arrows-position-inside elementor-widget elementor-widget-slides\" data-id=\"ef728ae\" data-element_type=\"widget\" data-e-type=\"widget\" data-settings=\"{&quot;navigation&quot;:&quot;both&quot;,&quot;infinite&quot;:&quot;yes&quot;,&quot;transition&quot;:&quot;slide&quot;,&quot;transition_speed&quot;:500}\" data-widget_type=\"slides.default\">\n\t\t\t\t<div class=\"elementor-widget-container\">\n\t\t\t\t\t\t\t\t\t<div class=\"elementor-swiper\">\n\t\t\t\t\t<div class=\"elementor-slides-wrapper elementor-main-swiper swiper\" role=\"region\" aria-roledescription=\"carousel\" aria-label=\"Diapositives\" dir=\"ltr\" data-animation=\"fadeInUp\">\n\t\t\t\t<div class=\"swiper-wrapper elementor-slides\">\n\t\t\t\t\t\t\t\t\t\t<div class=\"elementor-repeater-item-4a4e009 swiper-slide\" role=\"group\" aria-roledescription=\"slide\"><div class=\"swiper-slide-bg\" role=\"img\" aria-label=\"CRW_9190_singrano\"><\/div><div class=\"elementor-background-overlay\"><\/div><div class=\"swiper-slide-inner\" ><div class=\"swiper-slide-contents\"><div class=\"elementor-slide-heading\">Alqu\u00e9zar, un lieu magique...<\/div><div  class=\"elementor-button elementor-slide-button elementor-size-md\">R\u00e9servez maintenant \u2192<\/div><\/div><\/div><\/div><div class=\"elementor-repeater-item-550041e swiper-slide\" role=\"group\" aria-roledescription=\"slide\"><div class=\"swiper-slide-bg\" role=\"img\" aria-label=\"alquezar_restaurants\"><\/div><div class=\"swiper-slide-inner\" ><div class=\"swiper-slide-contents\"><div class=\"elementor-slide-heading\">Vous voudrez rester plus longtemps !<\/div><div  class=\"elementor-button elementor-slide-button elementor-size-md\">D\u00e9couvrez le charme d'Alodia \u2192<\/div><\/div><\/div><\/div><div class=\"elementor-repeater-item-77ca1ad swiper-slide\" role=\"group\" aria-roledescription=\"slide\"><div class=\"swiper-slide-bg\"><\/div><div class=\"swiper-slide-inner\" ><div class=\"swiper-slide-contents\"><div class=\"elementor-slide-heading\">Diapositive 3 Titre<\/div><div class=\"elementor-slide-description\">Lorem ipsum dolor sit amet consectetur adipiscing elit dolor<\/div><div  class=\"elementor-button elementor-slide-button elementor-size-md\">Cliquez ici<\/div><\/div><\/div><\/div>\t\t\t\t<\/div>\n\t\t\t\t\t\t\t\t\t\t\t\t\t\t\t<div class=\"elementor-swiper-button elementor-swiper-button-prev\" role=\"button\" tabindex=\"0\" aria-label=\"Previous slide\" data-no-translation-aria-label=\"\">\n\t\t\t\t\t\t\t<svg aria-hidden=\"true\" class=\"e-font-icon-svg e-eicon-chevron-left\" viewbox=\"0 0 1000 1000\" xmlns=\"http:\/\/www.w3.org\/2000\/svg\"><path d=\"M646 125C629 125 613 133 604 142L308 442C296 454 292 471 292 487 292 504 296 521 308 533L604 854C617 867 629 875 646 875 663 875 679 871 692 858 704 846 713 829 713 812 713 796 708 779 692 767L438 487 692 225C700 217 708 204 708 187 708 171 704 154 692 142 675 129 663 125 646 125Z\"><\/path><\/svg>\t\t\t\t\t\t<\/div>\n\t\t\t\t\t\t<div class=\"elementor-swiper-button elementor-swiper-button-next\" role=\"button\" tabindex=\"0\" aria-label=\"Next slide\" data-no-translation-aria-label=\"\">\n\t\t\t\t\t\t\t<svg aria-hidden=\"true\" class=\"e-font-icon-svg e-eicon-chevron-right\" viewbox=\"0 0 1000 1000\" xmlns=\"http:\/\/www.w3.org\/2000\/svg\"><path d=\"M696 533C708 521 713 504 713 487 713 471 708 454 696 446L400 146C388 133 375 125 354 125 338 125 325 129 313 142 300 154 292 171 292 187 292 204 296 221 308 233L563 492 304 771C292 783 288 800 288 817 288 833 296 850 308 863 321 871 338 875 354 875 371 875 388 867 400 854L696 533Z\"><\/path><\/svg>\t\t\t\t\t\t<\/div>\n\t\t\t\t\t\t\t\t\t\t\t\t\t\t\t\t<div class=\"swiper-pagination\"><\/div>\n\t\t\t\t\t\t\t\t\t\t\t\t<\/div>\n\t\t\t\t<\/div>\n\t\t\t\t\t\t\t\t<\/div>\n\t\t\t\t<\/div>\n\t\t\t\t\t<\/div>\n\t\t<\/div>\n\t\t\t\t\t<\/div>\n\t\t<\/section>\n\t\t\t\t<\/div>","protected":false},"excerpt":{"rendered":"<p>Alqu\u00e9zar, un lugar m\u00e1gico&#8230;Reserva Ahora \u2192Querr\u00e1s quedarte m\u00e1s d\u00edas!Descubre el encanto de Alodia \u2192Slide 3 HeadingLorem ipsum dolor sit amet consectetur adipiscing elit dolorClick Here<\/p>","protected":false},"author":1,"featured_media":0,"parent":0,"menu_order":0,"comment_status":"closed","ping_status":"closed","template":"","meta":{"footnotes":""},"class_list":["post-623","page","type-page","status-publish","hentry"],"yoast_head":"<!-- This site is optimized with the Yoast SEO plugin v26.2 - https:\/\/yoast.com\/wordpress\/plugins\/seo\/ -->\n<title>Elementor Page #623 - Casa Alodia<\/title>\n<meta name=\"robots\" content=\"index, follow, max-snippet:-1, max-image-preview:large, max-video-preview:-1\" \/>\n<link rel=\"canonical\" href=\"https:\/\/casa-alodia.es\/fr\/elementor-page-623\/\" \/>\n<meta property=\"og:locale\" content=\"fr_FR\" \/>\n<meta property=\"og:type\" content=\"article\" \/>\n<meta property=\"og:title\" content=\"Elementor Page #623 - Casa Alodia\" \/>\n<meta property=\"og:description\" content=\"Alqu\u00e9zar, un lugar m\u00e1gico&#8230;Reserva Ahora \u2192Querr\u00e1s quedarte m\u00e1s d\u00edas!Descubre el encanto de Alodia \u2192Slide 3 HeadingLorem ipsum dolor sit amet consectetur adipiscing elit dolorClick Here\" \/>\n<meta property=\"og:url\" content=\"https:\/\/casa-alodia.es\/fr\/elementor-page-623\/\" \/>\n<meta property=\"og:site_name\" content=\"Casa Alodia\" \/>\n<meta property=\"article:modified_time\" content=\"2025-09-03T21:08:37+00:00\" \/>\n<meta name=\"twitter:card\" content=\"summary_large_image\" \/>\n<script type=\"application\/ld+json\" class=\"yoast-schema-graph\">{\"@context\":\"https:\/\/schema.org\",\"@graph\":[{\"@type\":\"WebPage\",\"@id\":\"https:\/\/casa-alodia.es\/elementor-page-623\/\",\"url\":\"https:\/\/casa-alodia.es\/elementor-page-623\/\",\"name\":\"Elementor Page #623 - Casa Alodia\",\"isPartOf\":{\"@id\":\"https:\/\/casa-alodia.es\/#website\"},\"datePublished\":\"2025-09-03T17:41:18+00:00\",\"dateModified\":\"2025-09-03T21:08:37+00:00\",\"breadcrumb\":{\"@id\":\"https:\/\/casa-alodia.es\/elementor-page-623\/#breadcrumb\"},\"inLanguage\":\"fr-FR\",\"potentialAction\":[{\"@type\":\"ReadAction\",\"target\":[\"https:\/\/casa-alodia.es\/elementor-page-623\/\"]}]},{\"@type\":\"BreadcrumbList\",\"@id\":\"https:\/\/casa-alodia.es\/elementor-page-623\/#breadcrumb\",\"itemListElement\":[{\"@type\":\"ListItem\",\"position\":1,\"name\":\"Home\",\"item\":\"https:\/\/casa-alodia.es\/\"},{\"@type\":\"ListItem\",\"position\":2,\"name\":\"Elementor Page #623\"}]},{\"@type\":\"WebSite\",\"@id\":\"https:\/\/casa-alodia.es\/#website\",\"url\":\"https:\/\/casa-alodia.es\/\",\"name\":\"Casa Alodia\",\"description\":\"Descubre el encanto y el cuidado de los detalles de Casa Alodia, despierta con las maravillosas vistas de Alqu\u00e9zar.\",\"publisher\":{\"@id\":\"https:\/\/casa-alodia.es\/#organization\"},\"potentialAction\":[{\"@type\":\"SearchAction\",\"target\":{\"@type\":\"EntryPoint\",\"urlTemplate\":\"https:\/\/casa-alodia.es\/?s={search_term_string}\"},\"query-input\":{\"@type\":\"PropertyValueSpecification\",\"valueRequired\":true,\"valueName\":\"search_term_string\"}}],\"inLanguage\":\"fr-FR\"},{\"@type\":\"Organization\",\"@id\":\"https:\/\/casa-alodia.es\/#organization\",\"name\":\"Casa Alodia\",\"url\":\"https:\/\/casa-alodia.es\/\",\"logo\":{\"@type\":\"ImageObject\",\"inLanguage\":\"fr-FR\",\"@id\":\"https:\/\/casa-alodia.es\/#\/schema\/logo\/image\/\",\"url\":\"https:\/\/casa-alodia.es\/wp-content\/uploads\/2022\/12\/alodia_logo_site_full.svg\",\"contentUrl\":\"https:\/\/casa-alodia.es\/wp-content\/uploads\/2022\/12\/alodia_logo_site_full.svg\",\"width\":579,\"height\":228,\"caption\":\"Casa Alodia\"},\"image\":{\"@id\":\"https:\/\/casa-alodia.es\/#\/schema\/logo\/image\/\"},\"sameAs\":[\"https:\/\/www.tripadvisor.pt\/Hotel_Review-g669660-d1225008-Reviews-Alodia-Alquezar_Province_of_Huesca_Aragon.html\"]}]}<\/script>\n<!-- \/ Yoast SEO plugin. -->","yoast_head_json":{"title":"Elementor Page #623 - Casa Alodia","robots":{"index":"index","follow":"follow","max-snippet":"max-snippet:-1","max-image-preview":"max-image-preview:large","max-video-preview":"max-video-preview:-1"},"canonical":"https:\/\/casa-alodia.es\/fr\/elementor-page-623\/","og_locale":"fr_FR","og_type":"article","og_title":"Elementor Page #623 - Casa Alodia","og_description":"Alqu\u00e9zar, un lugar m\u00e1gico&#8230;Reserva Ahora \u2192Querr\u00e1s quedarte m\u00e1s d\u00edas!Descubre el encanto de Alodia \u2192Slide 3 HeadingLorem ipsum dolor sit amet consectetur adipiscing elit dolorClick Here","og_url":"https:\/\/casa-alodia.es\/fr\/elementor-page-623\/","og_site_name":"Casa Alodia","article_modified_time":"2025-09-03T21:08:37+00:00","twitter_card":"summary_large_image","schema":{"@context":"https:\/\/schema.org","@graph":[{"@type":"WebPage","@id":"https:\/\/casa-alodia.es\/elementor-page-623\/","url":"https:\/\/casa-alodia.es\/elementor-page-623\/","name":"Elementor Page #623 - Casa Alodia","isPartOf":{"@id":"https:\/\/casa-alodia.es\/#website"},"datePublished":"2025-09-03T17:41:18+00:00","dateModified":"2025-09-03T21:08:37+00:00","breadcrumb":{"@id":"https:\/\/casa-alodia.es\/elementor-page-623\/#breadcrumb"},"inLanguage":"fr-FR","potentialAction":[{"@type":"ReadAction","target":["https:\/\/casa-alodia.es\/elementor-page-623\/"]}]},{"@type":"BreadcrumbList","@id":"https:\/\/casa-alodia.es\/elementor-page-623\/#breadcrumb","itemListElement":[{"@type":"ListItem","position":1,"name":"Home","item":"https:\/\/casa-alodia.es\/"},{"@type":"ListItem","position":2,"name":"Elementor Page #623"}]},{"@type":"WebSite","@id":"https:\/\/casa-alodia.es\/#website","url":"https:\/\/casa-alodia.es\/","name":"Maison Alodia","description":"D\u00e9couvrez le charme et l'attention port\u00e9e aux d\u00e9tails de la Casa Alodia, et r\u00e9veillez-vous avec une vue magnifique sur Alqu\u00e9zar.","publisher":{"@id":"https:\/\/casa-alodia.es\/#organization"},"potentialAction":[{"@type":"SearchAction","target":{"@type":"EntryPoint","urlTemplate":"https:\/\/casa-alodia.es\/?s={search_term_string}"},"query-input":{"@type":"PropertyValueSpecification","valueRequired":true,"valueName":"search_term_string"}}],"inLanguage":"fr-FR"},{"@type":"Organization","@id":"https:\/\/casa-alodia.es\/#organization","name":"Maison Alodia","url":"https:\/\/casa-alodia.es\/","logo":{"@type":"ImageObject","inLanguage":"fr-FR","@id":"https:\/\/casa-alodia.es\/#\/schema\/logo\/image\/","url":"https:\/\/casa-alodia.es\/wp-content\/uploads\/2022\/12\/alodia_logo_site_full.svg","contentUrl":"https:\/\/casa-alodia.es\/wp-content\/uploads\/2022\/12\/alodia_logo_site_full.svg","width":579,"height":228,"caption":"Casa Alodia"},"image":{"@id":"https:\/\/casa-alodia.es\/#\/schema\/logo\/image\/"},"sameAs":["https:\/\/www.tripadvisor.pt\/Hotel_Review-g669660-d1225008-Reviews-Alodia-Alquezar_Province_of_Huesca_Aragon.html"]}]}},"_links":{"self":[{"href":"https:\/\/casa-alodia.es\/fr\/wp-json\/wp\/v2\/pages\/623","targetHints":{"allow":["GET"]}}],"collection":[{"href":"https:\/\/casa-alodia.es\/fr\/wp-json\/wp\/v2\/pages"}],"about":[{"href":"https:\/\/casa-alodia.es\/fr\/wp-json\/wp\/v2\/types\/page"}],"author":[{"embeddable":true,"href":"https:\/\/casa-alodia.es\/fr\/wp-json\/wp\/v2\/users\/1"}],"replies":[{"embeddable":true,"href":"https:\/\/casa-alodia.es\/fr\/wp-json\/wp\/v2\/comments?post=623"}],"version-history":[{"count":10,"href":"https:\/\/casa-alodia.es\/fr\/wp-json\/wp\/v2\/pages\/623\/revisions"}],"predecessor-version":[{"id":692,"href":"https:\/\/casa-alodia.es\/fr\/wp-json\/wp\/v2\/pages\/623\/revisions\/692"}],"wp:attachment":[{"href":"https:\/\/casa-alodia.es\/fr\/wp-json\/wp\/v2\/media?parent=623"}],"curies":[{"name":"wp","href":"https:\/\/api.w.org\/{rel}","templated":true}]}}