{"id":728,"date":"2025-09-04T18:45:44","date_gmt":"2025-09-04T18:45:44","guid":{"rendered":"https:\/\/casa-alodia.es\/?page_id=728"},"modified":"2025-09-30T22:53:57","modified_gmt":"2025-09-30T22:53:57","slug":"alojamiento","status":"publish","type":"page","link":"https:\/\/casa-alodia.es\/fr\/alojamiento\/","title":{"rendered":"H\u00e9bergement"},"content":{"rendered":"<div data-elementor-type=\"wp-post\" data-elementor-id=\"728\" class=\"elementor elementor-728\" data-elementor-post-type=\"page\">\n\t\t\t\t\t\t<section class=\"elementor-section elementor-top-section elementor-element elementor-element-637ae84 elementor-section-content-top elementor-reverse-mobile elementor-section-boxed elementor-section-height-default elementor-section-height-default\" data-id=\"637ae84\" data-element_type=\"section\" data-e-type=\"section\">\n\t\t\t\t\t\t<div class=\"elementor-container elementor-column-gap-no\">\n\t\t\t\t\t<div class=\"elementor-column elementor-col-100 elementor-top-column elementor-element elementor-element-ce8233a\" data-id=\"ce8233a\" data-element_type=\"column\" data-e-type=\"column\">\n\t\t\t<div class=\"elementor-widget-wrap elementor-element-populated\">\n\t\t\t\t\t\t<div class=\"elementor-element elementor-element-3510593 elementor-widget-tablet__width-initial elementor-invisible elementor-widget elementor-widget-heading\" data-id=\"3510593\" data-element_type=\"widget\" data-e-type=\"widget\" data-settings=\"{&quot;_animation&quot;:&quot;fadeInUp&quot;}\" data-widget_type=\"heading.default\">\n\t\t\t\t<div class=\"elementor-widget-container\">\n\t\t\t\t\t<h2 class=\"elementor-heading-title elementor-size-default\">Nos logements<\/h2>\t\t\t\t<\/div>\n\t\t\t\t<\/div>\n\t\t\t\t\t<\/div>\n\t\t<\/div>\n\t\t\t\t\t<\/div>\n\t\t<\/section>\n\t\t\t\t<section class=\"elementor-section elementor-top-section elementor-element elementor-element-9e0b2bc elementor-section-boxed elementor-section-height-default elementor-section-height-default\" data-id=\"9e0b2bc\" data-element_type=\"section\" data-e-type=\"section\">\n\t\t\t\t\t\t<div class=\"elementor-container elementor-column-gap-wide\">\n\t\t\t\t\t<div class=\"elementor-column elementor-col-50 elementor-top-column elementor-element elementor-element-7ca8a20\" data-id=\"7ca8a20\" data-element_type=\"column\" data-e-type=\"column\">\n\t\t\t<div class=\"elementor-widget-wrap elementor-element-populated\">\n\t\t\t\t\t\t<div class=\"elementor-element elementor-element-d62fe11 elementor-widget__width-initial e-transform elementor-position-top elementor-widget elementor-widget-image-box\" data-id=\"d62fe11\" data-element_type=\"widget\" data-e-type=\"widget\" data-settings=\"{&quot;_transform_scale_effect&quot;:{&quot;unit&quot;:&quot;px&quot;,&quot;size&quot;:&quot;&quot;,&quot;sizes&quot;:[]},&quot;_transform_scale_effect_tablet&quot;:{&quot;unit&quot;:&quot;px&quot;,&quot;size&quot;:&quot;&quot;,&quot;sizes&quot;:[]},&quot;_transform_scale_effect_mobile&quot;:{&quot;unit&quot;:&quot;px&quot;,&quot;size&quot;:&quot;&quot;,&quot;sizes&quot;:[]}}\" data-widget_type=\"image-box.default\">\n\t\t\t\t<div class=\"elementor-widget-container\">\n\t\t\t\t\t<div class=\"elementor-image-box-wrapper\"><figure class=\"elementor-image-box-img\"><img fetchpriority=\"high\" decoding=\"async\" width=\"1037\" height=\"1037\" src=\"https:\/\/casa-alodia.es\/wp-content\/uploads\/2025\/09\/arrabel.png\" class=\"attachment-full size-full wp-image-767\" alt=\"\" srcset=\"https:\/\/casa-alodia.es\/wp-content\/uploads\/2025\/09\/arrabel.png 1037w, https:\/\/casa-alodia.es\/wp-content\/uploads\/2025\/09\/arrabel-300x300.png 300w, https:\/\/casa-alodia.es\/wp-content\/uploads\/2025\/09\/arrabel-1024x1024.png 1024w, https:\/\/casa-alodia.es\/wp-content\/uploads\/2025\/09\/arrabel-150x150.png 150w, https:\/\/casa-alodia.es\/wp-content\/uploads\/2025\/09\/arrabel-768x768.png 768w, https:\/\/casa-alodia.es\/wp-content\/uploads\/2025\/09\/arrabel-12x12.png 12w\" sizes=\"(max-width: 1037px) 100vw, 1037px\" \/><\/figure><div class=\"elementor-image-box-content\"><h3 class=\"elementor-image-box-title\">Maison Alodia <br>Arrabal<\/h3><p class=\"elementor-image-box-description\">Chambres individuelles pour 2-3 personnes<\/p><\/div><\/div>\t\t\t\t<\/div>\n\t\t\t\t<\/div>\n\t\t\t\t<div class=\"elementor-element elementor-element-6de86b9 elementor-align-center e-transform elementor-widget elementor-widget-button\" data-id=\"6de86b9\" data-element_type=\"widget\" data-e-type=\"widget\" data-settings=\"{&quot;_transform_scale_effect&quot;:{&quot;unit&quot;:&quot;px&quot;,&quot;size&quot;:0.6,&quot;sizes&quot;:[]},&quot;_transform_scale_effect_tablet&quot;:{&quot;unit&quot;:&quot;px&quot;,&quot;size&quot;:0.9,&quot;sizes&quot;:[]},&quot;_transform_scale_effect_mobile&quot;:{&quot;unit&quot;:&quot;px&quot;,&quot;size&quot;:&quot;&quot;,&quot;sizes&quot;:[]}}\" data-widget_type=\"button.default\">\n\t\t\t\t<div class=\"elementor-widget-container\">\n\t\t\t\t\t\t\t\t\t<div class=\"elementor-button-wrapper\">\n\t\t\t\t\t<a class=\"elementor-button elementor-button-link elementor-size-sm elementor-animation-buzz-out\" href=\"https:\/\/casa-alodia.es\/fr\/casa-arrabal\/\">\n\t\t\t\t\t\t<span class=\"elementor-button-content-wrapper\">\n\t\t\t\t\t\t\t\t\t<span class=\"elementor-button-text\">Plus d'informations<\/span>\n\t\t\t\t\t<\/span>\n\t\t\t\t\t<\/a>\n\t\t\t\t<\/div>\n\t\t\t\t\t\t\t\t<\/div>\n\t\t\t\t<\/div>\n\t\t\t\t\t<\/div>\n\t\t<\/div>\n\t\t\t\t<div class=\"elementor-column elementor-col-50 elementor-top-column elementor-element elementor-element-eef1d3a\" data-id=\"eef1d3a\" data-element_type=\"column\" data-e-type=\"column\">\n\t\t\t<div class=\"elementor-widget-wrap elementor-element-populated\">\n\t\t\t\t\t\t<div class=\"elementor-element elementor-element-fb12e6e elementor-widget__width-initial e-transform elementor-position-top elementor-widget elementor-widget-image-box\" data-id=\"fb12e6e\" data-element_type=\"widget\" data-e-type=\"widget\" data-settings=\"{&quot;_transform_scale_effect&quot;:{&quot;unit&quot;:&quot;px&quot;,&quot;size&quot;:&quot;&quot;,&quot;sizes&quot;:[]},&quot;_transform_scale_effect_tablet&quot;:{&quot;unit&quot;:&quot;px&quot;,&quot;size&quot;:&quot;&quot;,&quot;sizes&quot;:[]},&quot;_transform_scale_effect_mobile&quot;:{&quot;unit&quot;:&quot;px&quot;,&quot;size&quot;:&quot;&quot;,&quot;sizes&quot;:[]}}\" data-widget_type=\"image-box.default\">\n\t\t\t\t<div class=\"elementor-widget-container\">\n\t\t\t\t\t<div class=\"elementor-image-box-wrapper\"><figure class=\"elementor-image-box-img\"><img decoding=\"async\" width=\"1037\" height=\"1037\" src=\"https:\/\/casa-alodia.es\/wp-content\/uploads\/2025\/09\/GREGORIO.png\" class=\"attachment-full size-full wp-image-768\" alt=\"\" srcset=\"https:\/\/casa-alodia.es\/wp-content\/uploads\/2025\/09\/GREGORIO.png 1037w, https:\/\/casa-alodia.es\/wp-content\/uploads\/2025\/09\/GREGORIO-300x300.png 300w, https:\/\/casa-alodia.es\/wp-content\/uploads\/2025\/09\/GREGORIO-1024x1024.png 1024w, https:\/\/casa-alodia.es\/wp-content\/uploads\/2025\/09\/GREGORIO-150x150.png 150w, https:\/\/casa-alodia.es\/wp-content\/uploads\/2025\/09\/GREGORIO-768x768.png 768w, https:\/\/casa-alodia.es\/wp-content\/uploads\/2025\/09\/GREGORIO-12x12.png 12w\" sizes=\"(max-width: 1037px) 100vw, 1037px\" \/><\/figure><div class=\"elementor-image-box-content\"><h3 class=\"elementor-image-box-title\">Casa Alodia San Gregorio<\/h3><p class=\"elementor-image-box-description\">Maison compl\u00e8te pour 4 - 5 personnes<\/p><\/div><\/div>\t\t\t\t<\/div>\n\t\t\t\t<\/div>\n\t\t\t\t<div class=\"elementor-element elementor-element-bfe94a0 elementor-align-center e-transform elementor-widget elementor-widget-button\" data-id=\"bfe94a0\" data-element_type=\"widget\" data-e-type=\"widget\" data-settings=\"{&quot;_transform_scale_effect&quot;:{&quot;unit&quot;:&quot;px&quot;,&quot;size&quot;:0.6,&quot;sizes&quot;:[]},&quot;_transform_scale_effect_tablet&quot;:{&quot;unit&quot;:&quot;px&quot;,&quot;size&quot;:0.9,&quot;sizes&quot;:[]},&quot;_transform_scale_effect_mobile&quot;:{&quot;unit&quot;:&quot;px&quot;,&quot;size&quot;:&quot;&quot;,&quot;sizes&quot;:[]}}\" data-widget_type=\"button.default\">\n\t\t\t\t<div class=\"elementor-widget-container\">\n\t\t\t\t\t\t\t\t\t<div class=\"elementor-button-wrapper\">\n\t\t\t\t\t<a class=\"elementor-button elementor-button-link elementor-size-sm elementor-animation-buzz-out\" href=\"https:\/\/casa-alodia.es\/fr\/san-gregorio\/\">\n\t\t\t\t\t\t<span class=\"elementor-button-content-wrapper\">\n\t\t\t\t\t\t\t\t\t<span class=\"elementor-button-text\">Plus d'informations<\/span>\n\t\t\t\t\t<\/span>\n\t\t\t\t\t<\/a>\n\t\t\t\t<\/div>\n\t\t\t\t\t\t\t\t<\/div>\n\t\t\t\t<\/div>\n\t\t\t\t\t<\/div>\n\t\t<\/div>\n\t\t\t\t\t<\/div>\n\t\t<\/section>\n\t\t\t\t<section class=\"elementor-section elementor-top-section elementor-element elementor-element-d6a7c28 elementor-section-content-top elementor-section-boxed elementor-section-height-default elementor-section-height-default\" data-id=\"d6a7c28\" data-element_type=\"section\" data-e-type=\"section\">\n\t\t\t\t\t\t<div class=\"elementor-container elementor-column-gap-default\">\n\t\t\t\t\t<div class=\"elementor-column elementor-col-50 elementor-top-column elementor-element elementor-element-15c7ed9\" data-id=\"15c7ed9\" data-element_type=\"column\" data-e-type=\"column\">\n\t\t\t<div class=\"elementor-widget-wrap elementor-element-populated\">\n\t\t\t\t\t\t<div class=\"elementor-element elementor-element-6bd575b elementor-widget__width-initial e-transform elementor-position-top elementor-widget elementor-widget-image-box\" data-id=\"6bd575b\" data-element_type=\"widget\" data-e-type=\"widget\" data-settings=\"{&quot;_transform_scale_effect&quot;:{&quot;unit&quot;:&quot;px&quot;,&quot;size&quot;:&quot;&quot;,&quot;sizes&quot;:[]},&quot;_transform_scale_effect_tablet&quot;:{&quot;unit&quot;:&quot;px&quot;,&quot;size&quot;:&quot;&quot;,&quot;sizes&quot;:[]},&quot;_transform_scale_effect_mobile&quot;:{&quot;unit&quot;:&quot;px&quot;,&quot;size&quot;:&quot;&quot;,&quot;sizes&quot;:[]}}\" data-widget_type=\"image-box.default\">\n\t\t\t\t<div class=\"elementor-widget-container\">\n\t\t\t\t\t<div class=\"elementor-image-box-wrapper\"><figure class=\"elementor-image-box-img\"><img decoding=\"async\" width=\"1920\" height=\"2560\" src=\"https:\/\/casa-alodia.es\/wp-content\/uploads\/2025\/09\/3_patio-1-scaled.jpeg\" class=\"attachment-full size-full wp-image-769\" alt=\"\" srcset=\"https:\/\/casa-alodia.es\/wp-content\/uploads\/2025\/09\/3_patio-1-scaled.jpeg 1920w, https:\/\/casa-alodia.es\/wp-content\/uploads\/2025\/09\/3_patio-1-225x300.jpeg 225w, https:\/\/casa-alodia.es\/wp-content\/uploads\/2025\/09\/3_patio-1-768x1024.jpeg 768w, https:\/\/casa-alodia.es\/wp-content\/uploads\/2025\/09\/3_patio-1-1152x1536.jpeg 1152w, https:\/\/casa-alodia.es\/wp-content\/uploads\/2025\/09\/3_patio-1-1536x2048.jpeg 1536w, https:\/\/casa-alodia.es\/wp-content\/uploads\/2025\/09\/3_patio-1-9x12.jpeg 9w\" sizes=\"(max-width: 1920px) 100vw, 1920px\" \/><\/figure><div class=\"elementor-image-box-content\"><h3 class=\"elementor-image-box-title\">Cour d'Alodia<\/h3><p class=\"elementor-image-box-description\">Maison compl\u00e8te pour 4 personnes<\/p><\/div><\/div>\t\t\t\t<\/div>\n\t\t\t\t<\/div>\n\t\t\t\t<div class=\"elementor-element elementor-element-3c2028a elementor-align-center e-transform elementor-widget elementor-widget-button\" data-id=\"3c2028a\" data-element_type=\"widget\" data-e-type=\"widget\" data-settings=\"{&quot;_transform_scale_effect&quot;:{&quot;unit&quot;:&quot;px&quot;,&quot;size&quot;:0.6,&quot;sizes&quot;:[]},&quot;_transform_scale_effect_tablet&quot;:{&quot;unit&quot;:&quot;px&quot;,&quot;size&quot;:0.9,&quot;sizes&quot;:[]},&quot;_transform_scale_effect_mobile&quot;:{&quot;unit&quot;:&quot;px&quot;,&quot;size&quot;:&quot;&quot;,&quot;sizes&quot;:[]}}\" data-widget_type=\"button.default\">\n\t\t\t\t<div class=\"elementor-widget-container\">\n\t\t\t\t\t\t\t\t\t<div class=\"elementor-button-wrapper\">\n\t\t\t\t\t<a class=\"elementor-button elementor-button-link elementor-size-sm elementor-animation-buzz-out\" href=\"https:\/\/casa-alodia.es\/fr\/patio-de-alodia\/\">\n\t\t\t\t\t\t<span class=\"elementor-button-content-wrapper\">\n\t\t\t\t\t\t\t\t\t<span class=\"elementor-button-text\">Plus d'informations<\/span>\n\t\t\t\t\t<\/span>\n\t\t\t\t\t<\/a>\n\t\t\t\t<\/div>\n\t\t\t\t\t\t\t\t<\/div>\n\t\t\t\t<\/div>\n\t\t\t\t\t<\/div>\n\t\t<\/div>\n\t\t\t\t<div class=\"elementor-column elementor-col-50 elementor-top-column elementor-element elementor-element-db67fee\" data-id=\"db67fee\" data-element_type=\"column\" data-e-type=\"column\">\n\t\t\t<div class=\"elementor-widget-wrap elementor-element-populated\">\n\t\t\t\t\t\t<div class=\"elementor-element elementor-element-251db08 elementor-widget__width-initial e-transform elementor-position-top elementor-widget elementor-widget-image-box\" data-id=\"251db08\" data-element_type=\"widget\" data-e-type=\"widget\" data-settings=\"{&quot;_transform_scale_effect&quot;:{&quot;unit&quot;:&quot;px&quot;,&quot;size&quot;:&quot;&quot;,&quot;sizes&quot;:[]},&quot;_transform_scale_effect_tablet&quot;:{&quot;unit&quot;:&quot;px&quot;,&quot;size&quot;:&quot;&quot;,&quot;sizes&quot;:[]},&quot;_transform_scale_effect_mobile&quot;:{&quot;unit&quot;:&quot;px&quot;,&quot;size&quot;:&quot;&quot;,&quot;sizes&quot;:[]}}\" data-widget_type=\"image-box.default\">\n\t\t\t\t<div class=\"elementor-widget-container\">\n\t\t\t\t\t<div class=\"elementor-image-box-wrapper\"><figure class=\"elementor-image-box-img\"><img loading=\"lazy\" decoding=\"async\" width=\"1512\" height=\"2016\" src=\"https:\/\/casa-alodia.es\/wp-content\/uploads\/2025\/09\/1_corral-rotated.jpeg\" class=\"attachment-full size-full wp-image-779\" alt=\"\" srcset=\"https:\/\/casa-alodia.es\/wp-content\/uploads\/2025\/09\/1_corral-rotated.jpeg 1512w, https:\/\/casa-alodia.es\/wp-content\/uploads\/2025\/09\/1_corral-225x300.jpeg 225w, https:\/\/casa-alodia.es\/wp-content\/uploads\/2025\/09\/1_corral-768x1024.jpeg 768w, https:\/\/casa-alodia.es\/wp-content\/uploads\/2025\/09\/1_corral-1152x1536.jpeg 1152w, https:\/\/casa-alodia.es\/wp-content\/uploads\/2025\/09\/1_corral-9x12.jpeg 9w\" sizes=\"(max-width: 1512px) 100vw, 1512px\" \/><\/figure><div class=\"elementor-image-box-content\"><h3 class=\"elementor-image-box-title\">Corral de Alodia<\/h3><p class=\"elementor-image-box-description\">Maison compl\u00e8te pour 4 personnes<\/p><\/div><\/div>\t\t\t\t<\/div>\n\t\t\t\t<\/div>\n\t\t\t\t<div class=\"elementor-element elementor-element-cdc5545 elementor-align-center e-transform elementor-widget elementor-widget-button\" data-id=\"cdc5545\" data-element_type=\"widget\" data-e-type=\"widget\" data-settings=\"{&quot;_transform_scale_effect&quot;:{&quot;unit&quot;:&quot;px&quot;,&quot;size&quot;:0.6,&quot;sizes&quot;:[]},&quot;_transform_scale_effect_tablet&quot;:{&quot;unit&quot;:&quot;px&quot;,&quot;size&quot;:0.9,&quot;sizes&quot;:[]},&quot;_transform_scale_effect_mobile&quot;:{&quot;unit&quot;:&quot;px&quot;,&quot;size&quot;:&quot;&quot;,&quot;sizes&quot;:[]}}\" data-widget_type=\"button.default\">\n\t\t\t\t<div class=\"elementor-widget-container\">\n\t\t\t\t\t\t\t\t\t<div class=\"elementor-button-wrapper\">\n\t\t\t\t\t<a class=\"elementor-button elementor-button-link elementor-size-sm elementor-animation-buzz-out\" href=\"https:\/\/casa-alodia.es\/fr\/corral-de-alodia\/\">\n\t\t\t\t\t\t<span class=\"elementor-button-content-wrapper\">\n\t\t\t\t\t\t\t\t\t<span class=\"elementor-button-text\">Plus d'informations<\/span>\n\t\t\t\t\t<\/span>\n\t\t\t\t\t<\/a>\n\t\t\t\t<\/div>\n\t\t\t\t\t\t\t\t<\/div>\n\t\t\t\t<\/div>\n\t\t\t\t\t<\/div>\n\t\t<\/div>\n\t\t\t\t\t<\/div>\n\t\t<\/section>\n\t\t\t\t<section class=\"elementor-section elementor-top-section elementor-element elementor-element-8002558 elementor-section-boxed elementor-section-height-default elementor-section-height-default\" data-id=\"8002558\" data-element_type=\"section\" data-e-type=\"section\">\n\t\t\t\t\t\t<div class=\"elementor-container elementor-column-gap-default\">\n\t\t\t\t\t<div class=\"elementor-column elementor-col-100 elementor-top-column elementor-element elementor-element-10bff41\" data-id=\"10bff41\" data-element_type=\"column\" data-e-type=\"column\">\n\t\t\t<div class=\"elementor-widget-wrap elementor-element-populated\">\n\t\t\t\t\t\t<div class=\"elementor-element elementor-element-f6effbe elementor-widget-divider--separator-type-pattern elementor-widget-divider--view-line elementor-widget elementor-widget-divider\" data-id=\"f6effbe\" data-element_type=\"widget\" data-e-type=\"widget\" data-widget_type=\"divider.default\">\n\t\t\t\t<div class=\"elementor-widget-container\">\n\t\t\t\t\t\t\t<div class=\"elementor-divider\" style=\"--divider-pattern-url: url(&quot;data:image\/svg+xml,%3Csvg xmlns=&#039;http:\/\/www.w3.org\/2000\/svg&#039; preserveAspectRatio=&#039;none&#039; overflow=&#039;visible&#039; height=&#039;100%&#039; viewBox=&#039;0 0 20 16&#039; fill=&#039;none&#039; stroke=&#039;black&#039; stroke-width=&#039;1&#039; stroke-linecap=&#039;square&#039; stroke-miterlimit=&#039;10&#039;%3E%3Cg transform=&#039;translate(-12.000000, 0)&#039;%3E%3Cpath d=&#039;M28,0L10,18&#039;\/%3E%3Cpath d=&#039;M18,0L0,18&#039;\/%3E%3Cpath d=&#039;M48,0L30,18&#039;\/%3E%3Cpath d=&#039;M38,0L20,18&#039;\/%3E%3C\/g%3E%3C\/svg%3E&quot;);\">\n\t\t\t<span class=\"elementor-divider-separator\">\n\t\t\t\t\t\t<\/span>\n\t\t<\/div>\n\t\t\t\t\t\t<\/div>\n\t\t\t\t<\/div>\n\t\t\t\t\t<\/div>\n\t\t<\/div>\n\t\t\t\t\t<\/div>\n\t\t<\/section>\n\t\t\t\t<\/div>","protected":false},"excerpt":{"rendered":"<p>Nuestros Alojamientos Casa Alodia Arrabal Habitaciones individuales para 2-3 personas M\u00e1s Informaci\u00f3n Casa Alodia San Gregorio Casa completa para 4 &#8211; 5 personas M\u00e1s Informaci\u00f3n Patio de Alodia Casa completa para 4 personas M\u00e1s Informaci\u00f3n Corral de Alodia Casa completa para 4 personas M\u00e1s Informaci\u00f3n<\/p>","protected":false},"author":1,"featured_media":0,"parent":0,"menu_order":0,"comment_status":"closed","ping_status":"closed","template":"","meta":{"footnotes":""},"class_list":["post-728","page","type-page","status-publish","hentry"],"yoast_head":"<!-- This site is optimized with the Yoast SEO plugin v26.2 - https:\/\/yoast.com\/wordpress\/plugins\/seo\/ -->\n<title>Alojamiento - Casa Alodia<\/title>\n<meta name=\"robots\" content=\"index, follow, max-snippet:-1, max-image-preview:large, max-video-preview:-1\" \/>\n<link rel=\"canonical\" href=\"https:\/\/casa-alodia.es\/fr\/alojamiento\/\" \/>\n<meta property=\"og:locale\" content=\"fr_FR\" \/>\n<meta property=\"og:type\" content=\"article\" \/>\n<meta property=\"og:title\" content=\"Alojamiento - Casa Alodia\" \/>\n<meta property=\"og:description\" content=\"Nuestros Alojamientos Casa Alodia Arrabal Habitaciones individuales para 2-3 personas M\u00e1s Informaci\u00f3n Casa Alodia San Gregorio Casa completa para 4 &#8211; 5 personas M\u00e1s Informaci\u00f3n Patio de Alodia Casa completa para 4 personas M\u00e1s Informaci\u00f3n Corral de Alodia Casa completa para 4 personas M\u00e1s Informaci\u00f3n\" \/>\n<meta property=\"og:url\" content=\"https:\/\/casa-alodia.es\/fr\/alojamiento\/\" \/>\n<meta property=\"og:site_name\" content=\"Casa Alodia\" \/>\n<meta property=\"article:modified_time\" content=\"2025-09-30T22:53:57+00:00\" \/>\n<meta property=\"og:image\" content=\"https:\/\/casa-alodia.es\/wp-content\/uploads\/2025\/09\/arrabel.png\" \/>\n\t<meta property=\"og:image:width\" content=\"1037\" \/>\n\t<meta property=\"og:image:height\" content=\"1037\" \/>\n\t<meta property=\"og:image:type\" content=\"image\/png\" \/>\n<meta name=\"twitter:card\" content=\"summary_large_image\" \/>\n<script type=\"application\/ld+json\" class=\"yoast-schema-graph\">{\"@context\":\"https:\/\/schema.org\",\"@graph\":[{\"@type\":\"WebPage\",\"@id\":\"https:\/\/casa-alodia.es\/alojamiento\/\",\"url\":\"https:\/\/casa-alodia.es\/alojamiento\/\",\"name\":\"Alojamiento - Casa Alodia\",\"isPartOf\":{\"@id\":\"https:\/\/casa-alodia.es\/#website\"},\"primaryImageOfPage\":{\"@id\":\"https:\/\/casa-alodia.es\/alojamiento\/#primaryimage\"},\"image\":{\"@id\":\"https:\/\/casa-alodia.es\/alojamiento\/#primaryimage\"},\"thumbnailUrl\":\"https:\/\/casa-alodia.es\/wp-content\/uploads\/2025\/09\/arrabel.png\",\"datePublished\":\"2025-09-04T18:45:44+00:00\",\"dateModified\":\"2025-09-30T22:53:57+00:00\",\"breadcrumb\":{\"@id\":\"https:\/\/casa-alodia.es\/alojamiento\/#breadcrumb\"},\"inLanguage\":\"fr-FR\",\"potentialAction\":[{\"@type\":\"ReadAction\",\"target\":[\"https:\/\/casa-alodia.es\/alojamiento\/\"]}]},{\"@type\":\"ImageObject\",\"inLanguage\":\"fr-FR\",\"@id\":\"https:\/\/casa-alodia.es\/alojamiento\/#primaryimage\",\"url\":\"https:\/\/casa-alodia.es\/wp-content\/uploads\/2025\/09\/arrabel.png\",\"contentUrl\":\"https:\/\/casa-alodia.es\/wp-content\/uploads\/2025\/09\/arrabel.png\"},{\"@type\":\"BreadcrumbList\",\"@id\":\"https:\/\/casa-alodia.es\/alojamiento\/#breadcrumb\",\"itemListElement\":[{\"@type\":\"ListItem\",\"position\":1,\"name\":\"Home\",\"item\":\"https:\/\/casa-alodia.es\/\"},{\"@type\":\"ListItem\",\"position\":2,\"name\":\"Alojamiento\"}]},{\"@type\":\"WebSite\",\"@id\":\"https:\/\/casa-alodia.es\/#website\",\"url\":\"https:\/\/casa-alodia.es\/\",\"name\":\"Casa Alodia\",\"description\":\"Descubre el encanto y el cuidado de los detalles de Casa Alodia, despierta con las maravillosas vistas de Alqu\u00e9zar.\",\"publisher\":{\"@id\":\"https:\/\/casa-alodia.es\/#organization\"},\"potentialAction\":[{\"@type\":\"SearchAction\",\"target\":{\"@type\":\"EntryPoint\",\"urlTemplate\":\"https:\/\/casa-alodia.es\/?s={search_term_string}\"},\"query-input\":{\"@type\":\"PropertyValueSpecification\",\"valueRequired\":true,\"valueName\":\"search_term_string\"}}],\"inLanguage\":\"fr-FR\"},{\"@type\":\"Organization\",\"@id\":\"https:\/\/casa-alodia.es\/#organization\",\"name\":\"Casa Alodia\",\"url\":\"https:\/\/casa-alodia.es\/\",\"logo\":{\"@type\":\"ImageObject\",\"inLanguage\":\"fr-FR\",\"@id\":\"https:\/\/casa-alodia.es\/#\/schema\/logo\/image\/\",\"url\":\"https:\/\/casa-alodia.es\/wp-content\/uploads\/2022\/12\/alodia_logo_site_full.svg\",\"contentUrl\":\"https:\/\/casa-alodia.es\/wp-content\/uploads\/2022\/12\/alodia_logo_site_full.svg\",\"width\":579,\"height\":228,\"caption\":\"Casa Alodia\"},\"image\":{\"@id\":\"https:\/\/casa-alodia.es\/#\/schema\/logo\/image\/\"},\"sameAs\":[\"https:\/\/www.tripadvisor.pt\/Hotel_Review-g669660-d1225008-Reviews-Alodia-Alquezar_Province_of_Huesca_Aragon.html\"]}]}<\/script>\n<!-- \/ Yoast SEO plugin. -->","yoast_head_json":{"title":"Alojamiento - Casa Alodia","robots":{"index":"index","follow":"follow","max-snippet":"max-snippet:-1","max-image-preview":"max-image-preview:large","max-video-preview":"max-video-preview:-1"},"canonical":"https:\/\/casa-alodia.es\/fr\/alojamiento\/","og_locale":"fr_FR","og_type":"article","og_title":"Alojamiento - Casa Alodia","og_description":"Nuestros Alojamientos Casa Alodia Arrabal Habitaciones individuales para 2-3 personas M\u00e1s Informaci\u00f3n Casa Alodia San Gregorio Casa completa para 4 &#8211; 5 personas M\u00e1s Informaci\u00f3n Patio de Alodia Casa completa para 4 personas M\u00e1s Informaci\u00f3n Corral de Alodia Casa completa para 4 personas M\u00e1s Informaci\u00f3n","og_url":"https:\/\/casa-alodia.es\/fr\/alojamiento\/","og_site_name":"Casa Alodia","article_modified_time":"2025-09-30T22:53:57+00:00","og_image":[{"width":1037,"height":1037,"url":"https:\/\/casa-alodia.es\/wp-content\/uploads\/2025\/09\/arrabel.png","type":"image\/png"}],"twitter_card":"summary_large_image","schema":{"@context":"https:\/\/schema.org","@graph":[{"@type":"WebPage","@id":"https:\/\/casa-alodia.es\/alojamiento\/","url":"https:\/\/casa-alodia.es\/alojamiento\/","name":"Alojamiento - Casa Alodia","isPartOf":{"@id":"https:\/\/casa-alodia.es\/#website"},"primaryImageOfPage":{"@id":"https:\/\/casa-alodia.es\/alojamiento\/#primaryimage"},"image":{"@id":"https:\/\/casa-alodia.es\/alojamiento\/#primaryimage"},"thumbnailUrl":"https:\/\/casa-alodia.es\/wp-content\/uploads\/2025\/09\/arrabel.png","datePublished":"2025-09-04T18:45:44+00:00","dateModified":"2025-09-30T22:53:57+00:00","breadcrumb":{"@id":"https:\/\/casa-alodia.es\/alojamiento\/#breadcrumb"},"inLanguage":"fr-FR","potentialAction":[{"@type":"ReadAction","target":["https:\/\/casa-alodia.es\/alojamiento\/"]}]},{"@type":"ImageObject","inLanguage":"fr-FR","@id":"https:\/\/casa-alodia.es\/alojamiento\/#primaryimage","url":"https:\/\/casa-alodia.es\/wp-content\/uploads\/2025\/09\/arrabel.png","contentUrl":"https:\/\/casa-alodia.es\/wp-content\/uploads\/2025\/09\/arrabel.png"},{"@type":"BreadcrumbList","@id":"https:\/\/casa-alodia.es\/alojamiento\/#breadcrumb","itemListElement":[{"@type":"ListItem","position":1,"name":"Home","item":"https:\/\/casa-alodia.es\/"},{"@type":"ListItem","position":2,"name":"Alojamiento"}]},{"@type":"WebSite","@id":"https:\/\/casa-alodia.es\/#website","url":"https:\/\/casa-alodia.es\/","name":"Maison Alodia","description":"D\u00e9couvrez le charme et l'attention port\u00e9e aux d\u00e9tails de la Casa Alodia, et r\u00e9veillez-vous avec une vue magnifique sur Alqu\u00e9zar.","publisher":{"@id":"https:\/\/casa-alodia.es\/#organization"},"potentialAction":[{"@type":"SearchAction","target":{"@type":"EntryPoint","urlTemplate":"https:\/\/casa-alodia.es\/?s={search_term_string}"},"query-input":{"@type":"PropertyValueSpecification","valueRequired":true,"valueName":"search_term_string"}}],"inLanguage":"fr-FR"},{"@type":"Organization","@id":"https:\/\/casa-alodia.es\/#organization","name":"Maison Alodia","url":"https:\/\/casa-alodia.es\/","logo":{"@type":"ImageObject","inLanguage":"fr-FR","@id":"https:\/\/casa-alodia.es\/#\/schema\/logo\/image\/","url":"https:\/\/casa-alodia.es\/wp-content\/uploads\/2022\/12\/alodia_logo_site_full.svg","contentUrl":"https:\/\/casa-alodia.es\/wp-content\/uploads\/2022\/12\/alodia_logo_site_full.svg","width":579,"height":228,"caption":"Casa Alodia"},"image":{"@id":"https:\/\/casa-alodia.es\/#\/schema\/logo\/image\/"},"sameAs":["https:\/\/www.tripadvisor.pt\/Hotel_Review-g669660-d1225008-Reviews-Alodia-Alquezar_Province_of_Huesca_Aragon.html"]}]}},"_links":{"self":[{"href":"https:\/\/casa-alodia.es\/fr\/wp-json\/wp\/v2\/pages\/728","targetHints":{"allow":["GET"]}}],"collection":[{"href":"https:\/\/casa-alodia.es\/fr\/wp-json\/wp\/v2\/pages"}],"about":[{"href":"https:\/\/casa-alodia.es\/fr\/wp-json\/wp\/v2\/types\/page"}],"author":[{"embeddable":true,"href":"https:\/\/casa-alodia.es\/fr\/wp-json\/wp\/v2\/users\/1"}],"replies":[{"embeddable":true,"href":"https:\/\/casa-alodia.es\/fr\/wp-json\/wp\/v2\/comments?post=728"}],"version-history":[{"count":136,"href":"https:\/\/casa-alodia.es\/fr\/wp-json\/wp\/v2\/pages\/728\/revisions"}],"predecessor-version":[{"id":1647,"href":"https:\/\/casa-alodia.es\/fr\/wp-json\/wp\/v2\/pages\/728\/revisions\/1647"}],"wp:attachment":[{"href":"https:\/\/casa-alodia.es\/fr\/wp-json\/wp\/v2\/media?parent=728"}],"curies":[{"name":"wp","href":"https:\/\/api.w.org\/{rel}","templated":true}]}}